{"id":1974,"date":"2022-02-19T09:11:54","date_gmt":"2022-02-19T08:11:54","guid":{"rendered":"http:\/\/wp.triangle-intercultural.de\/?page_id=1974"},"modified":"2022-02-19T09:30:38","modified_gmt":"2022-02-19T08:30:38","slug":"references","status":"publish","type":"page","link":"https:\/\/triangle-intercultural.de\/en\/references\/","title":{"rendered":"References"},"content":{"rendered":"<div class=\"fusion-fullwidth fullwidth-box fusion-builder-row-1 fusion-flex-container nonhundred-percent-fullwidth non-hundred-percent-height-scrolling\" style=\"--awb-border-radius-top-left:0px;--awb-border-radius-top-right:0px;--awb-border-radius-bottom-right:0px;--awb-border-radius-bottom-left:0px;--awb-padding-right-medium:20px;--awb-padding-left-medium:20px;--awb-padding-right-small:20px;--awb-padding-left-small:20px;--awb-flex-wrap:wrap;\" ><div class=\"fusion-builder-row fusion-row fusion-flex-align-items-flex-start fusion-flex-content-wrap\" style=\"max-width:1424.8px;margin-left: calc(-4% \/ 2 );margin-right: calc(-4% \/ 2 );\"><div class=\"fusion-layout-column fusion_builder_column fusion-builder-column-0 fusion_builder_column_1_1 1_1 fusion-flex-column\" style=\"--awb-bg-size:cover;--awb-width-large:100%;--awb-margin-top-large:0px;--awb-spacing-right-large:1.92%;--awb-margin-bottom-large:20px;--awb-spacing-left-large:1.92%;--awb-width-medium:100%;--awb-order-medium:0;--awb-spacing-right-medium:1.92%;--awb-spacing-left-medium:1.92%;--awb-width-small:100%;--awb-order-small:0;--awb-spacing-right-small:1.92%;--awb-spacing-left-small:1.92%;\"><div class=\"fusion-column-wrapper fusion-column-has-shadow fusion-flex-justify-content-flex-start fusion-content-layout-column\"><div class=\"fusion-title title fusion-title-1 fusion-sep-none fusion-title-text fusion-title-size-two\"><h2 class=\"fusion-title-heading title-heading-left fusion-responsive-typography-calculated\" style=\"margin:0;--fontSize:35;line-height:var(--awb-custom_typography_1-line-height);\">references<\/h2><\/div><div class=\"fusion-separator\" style=\"align-self: flex-start;margin-right:auto;margin-bottom:30px;width:100%;max-width:100px;\"><div class=\"fusion-separator-border sep-single sep-solid\" style=\"--awb-height:20px;--awb-amount:20px;--awb-sep-color:var(--awb-color2);border-color:var(--awb-color2);border-top-width:2px;\"><\/div><\/div>\n<div class=\"fusion-text fusion-text-1\"><p>Aesculap | Adidas Salomon GmbH | Agilent Technologies | Airbus | Aixtron SE | Alcatel | Allweiler | Alstom | AMD | Areva | AUDI | AVT | Bauer AG | Bayerische Landesbank | Bayerisches Staatsministerium f\u00fcr Wirtschaft und Verkehr | BASF | Baywa | BBZ Augsburg | Bosch | Brose | Bundesamt f\u00fcr Migration | Bundeswehr | Cardinal Health | Cefetra | Ceratizit | CDC | CI Tech | Coherent | Compass international | Continental | Conti Temic | Coroplast | Crown Worldwide | DAAD | DB | Daimler Chrysler | Deutsche Bank | Deutsche B\u00f6rse | Deutsche Telekom | DGFP | Diehl Stiftung | Donau-Universit\u00e4t Krems (MBA) | Dr. Sch\u00e4r | EADS | Eismann Automotive | EOS GmbH | Egelhof | EnBW | EON | Europ\u00e4ische Kommission | EMZ Hanauer | Ericsson | EVG | Ferum | Forschungszentrum Karlsruhe GmbH | Franklin Templeton Investment | Frequentis | Fresenius | Fuchs Petrolub | Gabler Magement Institute | Garmin | G\u00e4mmerler AG | GEA Westfalia | Georg Siemens Ohm Institut |Giesecke &amp; Devrient | Global Competence Forum | Goethe-Institut | Grimme | Grundig Akademie | GTPO | GS1 Austria | Heine | Hella | Hernstein International Management Institute |Hewlett Packard | Hoechst Marion Roussel | Hoffmann | Hollister | HPBO | Humboldteum | IABG | IBM | ifa &#8211; Institut f\u00fcr Auslandsbeziehungen | IHK M\u00fcnchen | IHK N\u00fcrnberg | IHK Regensburg | ilapo | Infineon | Institute for International Research | Intersnack | John Deree | K\u00e4rcher | Kaufland | Kermi | Kienbaum und Partner | Krones | KSB | Lehmann &amp; Voss | LEONI | Lockeed Martin GmbH | Lorenz Bahlsen | LOT Quantum Design | Lufthansa | Machw\u00fcrth Team | Malik &#8211; Management Zentrum St. Gallen | Management Circle | M\u00e4rz Fashion Group | Meggle | Messe M\u00fcnchen | Messe D\u00fcsseldorf | Miele | Mobil Com | Moog | MTU | Multitest Elektronische Systeme GmbH | M\u00fcnchener R\u00fcck | Murrelektronik | Nordex | Norma | NTT Data | N-Visions learning Solutions GmbH | Olympus | Osram | PariTec | Parker Hannifin Pr\u00e4difa | Pahnke Markenmanufaktur | Pfeifer &amp; Langen | Polaroid | Porsche AG | P\u00f6ttinger | Profine | Proseat | QVC | Railion | Rational | Reemtsma | Rexam | REWE | Roland Berger | Rheinmetal Defense Electronics | RUAG | Rudolf Wild &amp; Co Sekretariat Seminare | RWE | SAP | Schott Glas | Schindler | Schneider Electric | Schw\u00e4bisch Hall | Schwan Stabilo | Siemens | Skoda | SMA Solar Technology AG | Software | Sony | Start Amadeus | Steinbeis Hochschule | STIHL | Storck | Supplyon| Swiss Re | Tchibo | Technotrans AG |Tetra | Thales | T-Mobile | Trelleborg Sealing Solutions | TUI | VEW | Viasys | Vodafone | Voith | VW | Wacker Chemie | Webasto | Wilo | WiSo F\u00fchrungskr\u00e4fte Akademie | Wirtschaftsuniversit\u00e4t Wien | Yves Rocher | Yamaichi | Zeiss |ZF | Zurich Gruppe |<\/p>\n<\/div><\/div><\/div><\/div><\/div>\n","protected":false},"excerpt":{"rendered":"","protected":false},"author":1,"featured_media":0,"parent":0,"menu_order":0,"comment_status":"closed","ping_status":"closed","template":"100-width.php","meta":{"footnotes":""},"class_list":["post-1974","page","type-page","status-publish","hentry"],"yoast_head":"<!-- This site is optimized with the Yoast SEO plugin v26.6 - https:\/\/yoast.com\/wordpress\/plugins\/seo\/ -->\n<title>References - triangle<\/title>\n<meta name=\"robots\" content=\"index, follow, max-snippet:-1, max-image-preview:large, max-video-preview:-1\" \/>\n<link rel=\"canonical\" href=\"https:\/\/triangle-intercultural.de\/references\/\" \/>\n<meta property=\"og:locale\" content=\"en_US\" \/>\n<meta property=\"og:type\" content=\"article\" \/>\n<meta property=\"og:title\" content=\"References - triangle\" \/>\n<meta property=\"og:url\" content=\"https:\/\/triangle-intercultural.de\/references\/\" \/>\n<meta property=\"og:site_name\" content=\"triangle\" \/>\n<meta property=\"article:modified_time\" content=\"2022-02-19T08:30:38+00:00\" \/>\n<meta name=\"twitter:card\" content=\"summary_large_image\" \/>\n<meta name=\"twitter:label1\" content=\"Est. reading time\" \/>\n\t<meta name=\"twitter:data1\" content=\"4 minutes\" \/>\n<script type=\"application\/ld+json\" class=\"yoast-schema-graph\">{\"@context\":\"https:\/\/schema.org\",\"@graph\":[{\"@type\":\"WebPage\",\"@id\":\"https:\/\/triangle-intercultural.de\/references\/\",\"url\":\"https:\/\/triangle-intercultural.de\/references\/\",\"name\":\"References - triangle\",\"isPartOf\":{\"@id\":\"https:\/\/triangle-intercultural.de\/#website\"},\"datePublished\":\"2022-02-19T08:11:54+00:00\",\"dateModified\":\"2022-02-19T08:30:38+00:00\",\"breadcrumb\":{\"@id\":\"https:\/\/triangle-intercultural.de\/references\/#breadcrumb\"},\"inLanguage\":\"en-US\",\"potentialAction\":[{\"@type\":\"ReadAction\",\"target\":[\"https:\/\/triangle-intercultural.de\/references\/\"]}]},{\"@type\":\"BreadcrumbList\",\"@id\":\"https:\/\/triangle-intercultural.de\/references\/#breadcrumb\",\"itemListElement\":[{\"@type\":\"ListItem\",\"position\":1,\"name\":\"Startseite\",\"item\":\"https:\/\/triangle-intercultural.de\/en\/\"},{\"@type\":\"ListItem\",\"position\":2,\"name\":\"References\"}]},{\"@type\":\"WebSite\",\"@id\":\"https:\/\/triangle-intercultural.de\/#website\",\"url\":\"https:\/\/triangle-intercultural.de\/\",\"name\":\"triangle\",\"description\":\"senior intercultural experts\",\"publisher\":{\"@id\":\"https:\/\/triangle-intercultural.de\/#organization\"},\"potentialAction\":[{\"@type\":\"SearchAction\",\"target\":{\"@type\":\"EntryPoint\",\"urlTemplate\":\"https:\/\/triangle-intercultural.de\/?s={search_term_string}\"},\"query-input\":{\"@type\":\"PropertyValueSpecification\",\"valueRequired\":true,\"valueName\":\"search_term_string\"}}],\"inLanguage\":\"en-US\"},{\"@type\":\"Organization\",\"@id\":\"https:\/\/triangle-intercultural.de\/#organization\",\"name\":\"triangle\",\"url\":\"https:\/\/triangle-intercultural.de\/\",\"logo\":{\"@type\":\"ImageObject\",\"inLanguage\":\"en-US\",\"@id\":\"https:\/\/triangle-intercultural.de\/#\/schema\/logo\/image\/\",\"url\":\"https:\/\/triangle.stefanschmid-consult.eu\/wp-content\/uploads\/2022\/02\/logo_blacktransparent.png\",\"contentUrl\":\"https:\/\/triangle.stefanschmid-consult.eu\/wp-content\/uploads\/2022\/02\/logo_blacktransparent.png\",\"width\":500,\"height\":262,\"caption\":\"triangle\"},\"image\":{\"@id\":\"https:\/\/triangle-intercultural.de\/#\/schema\/logo\/image\/\"}}]}<\/script>\n<!-- \/ Yoast SEO plugin. -->","yoast_head_json":{"title":"References - triangle","robots":{"index":"index","follow":"follow","max-snippet":"max-snippet:-1","max-image-preview":"max-image-preview:large","max-video-preview":"max-video-preview:-1"},"canonical":"https:\/\/triangle-intercultural.de\/references\/","og_locale":"en_US","og_type":"article","og_title":"References - triangle","og_url":"https:\/\/triangle-intercultural.de\/references\/","og_site_name":"triangle","article_modified_time":"2022-02-19T08:30:38+00:00","twitter_card":"summary_large_image","twitter_misc":{"Est. reading time":"4 minutes"},"schema":{"@context":"https:\/\/schema.org","@graph":[{"@type":"WebPage","@id":"https:\/\/triangle-intercultural.de\/references\/","url":"https:\/\/triangle-intercultural.de\/references\/","name":"References - triangle","isPartOf":{"@id":"https:\/\/triangle-intercultural.de\/#website"},"datePublished":"2022-02-19T08:11:54+00:00","dateModified":"2022-02-19T08:30:38+00:00","breadcrumb":{"@id":"https:\/\/triangle-intercultural.de\/references\/#breadcrumb"},"inLanguage":"en-US","potentialAction":[{"@type":"ReadAction","target":["https:\/\/triangle-intercultural.de\/references\/"]}]},{"@type":"BreadcrumbList","@id":"https:\/\/triangle-intercultural.de\/references\/#breadcrumb","itemListElement":[{"@type":"ListItem","position":1,"name":"Startseite","item":"https:\/\/triangle-intercultural.de\/en\/"},{"@type":"ListItem","position":2,"name":"References"}]},{"@type":"WebSite","@id":"https:\/\/triangle-intercultural.de\/#website","url":"https:\/\/triangle-intercultural.de\/","name":"triangle","description":"senior intercultural experts","publisher":{"@id":"https:\/\/triangle-intercultural.de\/#organization"},"potentialAction":[{"@type":"SearchAction","target":{"@type":"EntryPoint","urlTemplate":"https:\/\/triangle-intercultural.de\/?s={search_term_string}"},"query-input":{"@type":"PropertyValueSpecification","valueRequired":true,"valueName":"search_term_string"}}],"inLanguage":"en-US"},{"@type":"Organization","@id":"https:\/\/triangle-intercultural.de\/#organization","name":"triangle","url":"https:\/\/triangle-intercultural.de\/","logo":{"@type":"ImageObject","inLanguage":"en-US","@id":"https:\/\/triangle-intercultural.de\/#\/schema\/logo\/image\/","url":"https:\/\/triangle.stefanschmid-consult.eu\/wp-content\/uploads\/2022\/02\/logo_blacktransparent.png","contentUrl":"https:\/\/triangle.stefanschmid-consult.eu\/wp-content\/uploads\/2022\/02\/logo_blacktransparent.png","width":500,"height":262,"caption":"triangle"},"image":{"@id":"https:\/\/triangle-intercultural.de\/#\/schema\/logo\/image\/"}}]}},"_links":{"self":[{"href":"https:\/\/triangle-intercultural.de\/en\/wp-json\/wp\/v2\/pages\/1974","targetHints":{"allow":["GET"]}}],"collection":[{"href":"https:\/\/triangle-intercultural.de\/en\/wp-json\/wp\/v2\/pages"}],"about":[{"href":"https:\/\/triangle-intercultural.de\/en\/wp-json\/wp\/v2\/types\/page"}],"author":[{"embeddable":true,"href":"https:\/\/triangle-intercultural.de\/en\/wp-json\/wp\/v2\/users\/1"}],"replies":[{"embeddable":true,"href":"https:\/\/triangle-intercultural.de\/en\/wp-json\/wp\/v2\/comments?post=1974"}],"version-history":[{"count":4,"href":"https:\/\/triangle-intercultural.de\/en\/wp-json\/wp\/v2\/pages\/1974\/revisions"}],"predecessor-version":[{"id":1999,"href":"https:\/\/triangle-intercultural.de\/en\/wp-json\/wp\/v2\/pages\/1974\/revisions\/1999"}],"wp:attachment":[{"href":"https:\/\/triangle-intercultural.de\/en\/wp-json\/wp\/v2\/media?parent=1974"}],"curies":[{"name":"wp","href":"https:\/\/api.w.org\/{rel}","templated":true}]}}